{"id":11335,"date":"2015-09-16T14:32:33","date_gmt":"2015-09-16T12:32:33","guid":{"rendered":"http:\/\/www.gaertnerei-zumstein.ch\/?page_id=11335"},"modified":"2016-04-06T15:09:58","modified_gmt":"2016-04-06T13:09:58","slug":"marktstand","status":"publish","type":"page","link":"https:\/\/www.gaertnerei-zumstein.ch\/index.php\/marktstand\/","title":{"rendered":"Marktstand"},"content":{"rendered":"[spb_row wrap_type=&#8220;content-width&#8220; row_bg_type=&#8220;color&#8220; bg_type=&#8220;cover&#8220; parallax_image_height=&#8220;content-height&#8220; parallax_image_movement=&#8220;fixed&#8220; parallax_image_speed=&#8220;0.5&#8243; bg_video_loop=&#8220;yes&#8220; parallax_video_height=&#8220;window-height&#8220; parallax_video_overlay=&#8220;none&#8220; row_overlay_opacity=&#8220;0&#8243; row_padding_vertical=&#8220;0&#8243; row_margin_vertical=&#8220;0&#8243; remove_element_spacing=&#8220;no&#8220; vertical_center=&#8220;true&#8220; width=&#8220;1\/1&#8243; el_position=&#8220;first last&#8220;] [\/spb_row] [spb_row wrap_type=&#8220;content-width&#8220; row_bg_type=&#8220;color&#8220; row_bg_color=&#8220;#f7f7f7&#8243; color_row_height=&#8220;content-height&#8220; bg_type=&#8220;cover&#8220; parallax_image_height=&#8220;content-height&#8220; parallax_image_movement=&#8220;fixed&#8220; parallax_image_speed=&#8220;0.5&#8243; bg_video_loop=&#8220;yes&#8220; parallax_video_height=&#8220;window-height&#8220; row_top_style=&#8220;none&#8220; row_bottom_style=&#8220;none&#8220; parallax_video_overlay=&#8220;none&#8220; row_overlay_opacity=&#8220;0&#8243; row_padding_vertical=&#8220;0&#8243; row_padding_horizontal=&#8220;0&#8243; row_margin_vertical=&#8220;0&#8243; remove_element_spacing=&#8220;no&#8220; vertical_center=&#8220;true&#8220; inner_column_height=&#8220;col-natural&#8220; row_expanding=&#8220;no&#8220; row_animation=&#8220;none&#8220; row_animation_delay=&#8220;0&#8243; width=&#8220;1\/1&#8243; el_position=&#8220;first last&#8220;] [spb_blank_spacer height=&#8220;90px&#8220; width=&#8220;1\/1&#8243; el_position=&#8220;first last&#8220;] [spb_text_block animation=&#8220;none&#8220; animation_delay=&#8220;0&#8243; padding_vertical=&#8220;0&#8243; padding_horizontal=&#8220;0&#8243; width=&#8220;1\/1&#8243; el_position=&#8220;first last&#8220;]\n<h2 style=\"text-align: center;\">Marktstand<\/h2>\n[\/spb_text_block] [spb_blank_spacer height=&#8220;30px&#8220; width=&#8220;1\/1&#8243; el_position=&#8220;first last&#8220;] [spb_text_block animation=&#8220;none&#8220; animation_delay=&#8220;0&#8243; padding_vertical=&#8220;0&#8243; padding_horizontal=&#8220;0&#8243; width=&#8220;1\/1&#8243; el_position=&#8220;first last&#8220;]\n<i class=\"fa-leaf  sf-icon sf-icon-float-left sf-icon-small\" style=\"color: #3bbf81;\"><\/i>\n<p>&nbsp;<\/p>\n<p><span style=\"color: #464646;\"><strong>Dienstags bis Samstags in Basel<br \/>\n<\/strong><\/span>In Basel auf dem Marktstand haben wir gegen\u00fcber vom Globus unseren Blumenstand. Von Mitte Februar bis zum 24. Dezember sind wir Dienstags bis Samstags mit einem t\u00e4glich frischen Sortiment f\u00fcr Sie da. Nebst Beet-und Balkonpflanzen, haben wir auch eine Auswahl an passend zur Jahreszeit gestalteten Blumenarrangements. Wir beraten Sie gerne bei der richtigen Verwendung und Pflege der Pflanzen und setzten mit Ihrer Hilfe eine individuelle Auswahl f\u00fcr Ihren Balkon oder Garten zusammen. Falls die Tasche mal nicht gross genug ist, liefern wir auch gerne bis vor die Haust\u00fcre.<\/p>\n[\/spb_text_block] [spb_blank_spacer height=&#8220;40px&#8220; width=&#8220;1\/1&#8243; el_position=&#8220;first last&#8220;] [spb_image image=&#8220;11339&#8243; image_size=&#8220;full&#8220; frame=&#8220;noframe&#8220; intro_animation=&#8220;none&#8220; animation_delay=&#8220;200&#8243; fullwidth=&#8220;yes&#8220; lightbox=&#8220;no&#8220; link_target=&#8220;_self&#8220; caption_pos=&#8220;hover&#8220; width=&#8220;1\/1&#8243; el_position=&#8220;first last&#8220;] [\/spb_row] [spb_row wrap_type=&#8220;content-width&#8220; row_bg_type=&#8220;color&#8220; bg_type=&#8220;cover&#8220; parallax_image_height=&#8220;content-height&#8220; parallax_image_movement=&#8220;fixed&#8220; parallax_image_speed=&#8220;0.5&#8243; bg_video_loop=&#8220;yes&#8220; parallax_video_height=&#8220;window-height&#8220; parallax_video_overlay=&#8220;none&#8220; row_overlay_opacity=&#8220;0&#8243; row_padding_vertical=&#8220;0&#8243; row_margin_vertical=&#8220;0&#8243; remove_element_spacing=&#8220;no&#8220; vertical_center=&#8220;true&#8220; width=&#8220;1\/1&#8243; el_position=&#8220;first last&#8220;] [spb_blank_spacer height=&#8220;90px&#8220; width=&#8220;1\/1&#8243; el_position=&#8220;first last&#8220;] [spb_text_block animation=&#8220;none&#8220; animation_delay=&#8220;0&#8243; padding_vertical=&#8220;0&#8243; padding_horizontal=&#8220;0&#8243; width=&#8220;1\/1&#8243; el_position=&#8220;first last&#8220;]\n<h2 style=\"text-align: center;\">Haben Sie noch Fragen? Melden Sie sich ungeniert!<\/h2>\n[\/spb_text_block] [spb_blank_spacer height=&#8220;60px&#8220; width=&#8220;1\/1&#8243; el_position=&#8220;first last&#8220;] [spb_image_banner image=&#8220;11301&#8243; image_size=&#8220;full&#8220; content_pos=&#8220;left&#8220; content_textalign=&#8220;left&#8220; animation=&#8220;none&#8220; animation_delay=&#8220;200&#8243; link_target=&#8220;_self&#8220; width=&#8220;1\/1&#8243; el_position=&#8220;first last&#8220;][\/spb_image_banner] [spb_blank_spacer height=&#8220;30px&#8220; width=&#8220;1\/1&#8243; el_position=&#8220;first last&#8220;] [\/spb_row]\n","protected":false},"excerpt":{"rendered":"<p>[spb_row wrap_type=&#8220;content-width&#8220; row_bg_type=&#8220;color&#8220; bg_type=&#8220;cover&#8220; parallax_image_height=&#8220;content-height&#8220; parallax_image_movement=&#8220;fixed&#8220; parallax_image_speed=&#8220;0.5&#8243; bg_video_loop=&#8220;yes&#8220; parallax_video_height=&#8220;window-height&#8220; parallax_video_overlay=&#8220;none&#8220; row_overlay_opacity=&#8220;0&#8243; row_padding_vertical=&#8220;0&#8243; row_margin_vertical=&#8220;0&#8243; remove_element_spacing=&#8220;no&#8220; vertical_center=&#8220;true&#8220; width=&#8220;1\/1&#8243; el_position=&#8220;first last&#8220;] [\/spb_row] [spb_row wrap_type=&#8220;content-width&#8220; row_bg_type=&#8220;color&#8220; row_bg_color=&#8220;#f7f7f7&#8243; color_row_height=&#8220;content-height&#8220; bg_type=&#8220;cover&#8220; parallax_image_height=&#8220;content-height&#8220; parallax_image_movement=&#8220;fixed&#8220; parallax_image_speed=&#8220;0.5&#8243; bg_video_loop=&#8220;yes&#8220; parallax_video_height=&#8220;window-height&#8220; row_top_style=&#8220;none&#8220; row_bottom_style=&#8220;none&#8220; parallax_video_overlay=&#8220;none&#8220; row_overlay_opacity=&#8220;0&#8243; row_padding_vertical=&#8220;0&#8243; row_padding_horizontal=&#8220;0&#8243; row_margin_vertical=&#8220;0&#8243; remove_element_spacing=&#8220;no&#8220; vertical_center=&#8220;true&#8220; inner_column_height=&#8220;col-natural&#8220; row_expanding=&#8220;no&#8220; row_animation=&#8220;none&#8220; row_animation_delay=&#8220;0&#8243; width=&#8220;1\/1&#8243; el_position=&#8220;first last&#8220;] [spb_blank_spacer height=&#8220;90px&#8220; width=&#8220;1\/1&#8243; el_position=&#8220;first last&#8220;] [spb_text_block animation=&#8220;none&#8220; animation_delay=&#8220;0&#8243; padding_vertical=&#8220;0&#8243; padding_horizontal=&#8220;0&#8243; width=&#8220;1\/1&#8243; el_position=&#8220;first last&#8220;] Marktstand [&hellip;]<\/p>\n","protected":false},"author":1,"featured_media":0,"parent":0,"menu_order":0,"comment_status":"closed","ping_status":"closed","template":"","meta":{"footnotes":""},"class_list":["post-11335","page","type-page","status-publish","hentry"],"_links":{"self":[{"href":"https:\/\/www.gaertnerei-zumstein.ch\/index.php\/wp-json\/wp\/v2\/pages\/11335","targetHints":{"allow":["GET"]}}],"collection":[{"href":"https:\/\/www.gaertnerei-zumstein.ch\/index.php\/wp-json\/wp\/v2\/pages"}],"about":[{"href":"https:\/\/www.gaertnerei-zumstein.ch\/index.php\/wp-json\/wp\/v2\/types\/page"}],"author":[{"embeddable":true,"href":"https:\/\/www.gaertnerei-zumstein.ch\/index.php\/wp-json\/wp\/v2\/users\/1"}],"replies":[{"embeddable":true,"href":"https:\/\/www.gaertnerei-zumstein.ch\/index.php\/wp-json\/wp\/v2\/comments?post=11335"}],"version-history":[{"count":7,"href":"https:\/\/www.gaertnerei-zumstein.ch\/index.php\/wp-json\/wp\/v2\/pages\/11335\/revisions"}],"predecessor-version":[{"id":11661,"href":"https:\/\/www.gaertnerei-zumstein.ch\/index.php\/wp-json\/wp\/v2\/pages\/11335\/revisions\/11661"}],"wp:attachment":[{"href":"https:\/\/www.gaertnerei-zumstein.ch\/index.php\/wp-json\/wp\/v2\/media?parent=11335"}],"curies":[{"name":"wp","href":"https:\/\/api.w.org\/{rel}","templated":true}]}}